{"id":3,"date":"2025-02-10T20:21:56","date_gmt":"2025-02-10T20:21:56","guid":{"rendered":"https:\/\/staffnowjobs.com\/?page_id=3"},"modified":"2025-10-10T19:48:25","modified_gmt":"2025-10-10T19:48:25","slug":"privacy-policy","status":"publish","type":"page","link":"https:\/\/staffnowjobs.com\/es\/privacy-policy\/","title":{"rendered":"Pol\u00edtica de privacidad"},"content":{"rendered":"<div data-elementor-type=\"wp-page\" data-elementor-id=\"3\" class=\"elementor elementor-3\">\n\t\t\t\t<div class=\"elementor-element elementor-element-428ef0c5 e-flex e-con-boxed e-con e-parent\" data-id=\"428ef0c5\" data-element_type=\"container\" data-e-type=\"container\">\n\t\t\t\t\t<div class=\"e-con-inner\">\n\t\t\t\t<div class=\"elementor-element elementor-element-f6abc81 elementor-widget elementor-widget-text-editor\" data-id=\"f6abc81\" data-element_type=\"widget\" data-e-type=\"widget\" data-widget_type=\"text-editor.default\">\n\t\t\t\t<div class=\"elementor-widget-container\">\n\t\t\t\t\t\t\t\t\t<p><b>Pol\u00edtica de privacidad<\/b><\/p><p><span style=\"font-weight: 400;\">Proteger su informaci\u00f3n privada es nuestra prioridad. Esta Declaraci\u00f3n de Privacidad se aplica a www.staffnowjobs.com, y StaffNow y regula la recogida y uso de datos. A efectos de esta Pol\u00edtica de Privacidad, salvo que se indique lo contrario, todas las referencias a StaffNow incluyen www.staffnowjobs.com. El sitio web StaffNow es un sitio de noticias e informaci\u00f3n. Al utilizar el sitio web StaffNow, usted acepta las pr\u00e1cticas relativas a los datos que se describen en esta declaraci\u00f3n.<\/span><\/p><p><b>Recogida de sus datos personales<\/b><\/p><p><span style=\"font-weight: 400;\">No recopilamos ninguna informaci\u00f3n personal sobre usted a menos que nos la proporcione voluntariamente. Sin embargo, es posible que se le pida que nos proporcione cierta informaci\u00f3n personal cuando decida utilizar determinados productos o servicios. Estos pueden incluir: (a) registrarse para obtener una cuenta; (b) participar en un sorteo o concurso patrocinado por nosotros o por uno de nuestros socios; (c) inscribirse para recibir ofertas especiales de terceros seleccionados; (d) enviarnos un mensaje de correo electr\u00f3nico; (e) enviar su tarjeta de cr\u00e9dito u otra informaci\u00f3n de pago al realizar pedidos y comprar productos y servicios. A saber, utilizaremos su informaci\u00f3n para, entre otras cosas, comunicarnos con usted en relaci\u00f3n con los servicios y\/o productos que nos haya solicitado. Tambi\u00e9n podremos recabar informaci\u00f3n personal o no personal adicional en el futuro.<\/span><\/p><p><b>Compartir informaci\u00f3n con terceros<\/b><\/p><p><span style=\"font-weight: 400;\">StaffNow no vende, alquila o arrienda su lista de clientes a terceras partes.<\/span><\/p><p><span style=\"font-weight: 400;\">StaffNow s\u00ed puede compartir datos con socios confiables que ayudan y\/o en los que delega el an\u00e1lisis estad\u00edstico, el env\u00edo de correo electr\u00f3nico o postal, la atenci\u00f3n al cliente, o los arreglos para la distribuci\u00f3n y entrega. Todas estas terceras partes tienen expresamente prohibido el uso de la informaci\u00f3n personal que pueda identificarlo salvo para poder proveer estos servicios a StaffNow, y est\u00e1n obligados a mantener la confidencialidad de su informaci\u00f3n.<\/span><\/p><p><span style=\"font-weight: 400;\">StaffNow puede revelar su informaci\u00f3n personal, sin previo aviso, si as\u00ed lo requiere la ley o en la creencia de buena fe de que dicha acci\u00f3n es necesaria para: (a) cumplir con los edictos de la ley o con un proceso legal realizado sobre StaffNow o el sitio; (b) proteger y defender los derechos o propiedad de StaffNow; y\/o (c) actuar bajo circunstancias extremas para proteger la seguridad personal de los usuarios de StaffNow, o del p\u00fablico.<\/span><\/p><p><b>Informaci\u00f3n recopilada autom\u00e1ticamente<\/b><\/p><p><span style=\"font-weight: 400;\">La informaci\u00f3n sobre el hardware y software de su ordenador puede ser recogida autom\u00e1ticamente por StaffNow. Esta informaci\u00f3n puede incluir: su direcci\u00f3n IP, tipo de navegador, nombres de dominio, tiempos de acceso y direcciones de sitios web de referencia. Esta informaci\u00f3n es utilizada para la operaci\u00f3n del servicio, para mantener la calidad del servicio prestado y para brindar estad\u00edsticas generales acerca del uso del sitio StaffNow.<\/span><\/p><p><b>Derecho de supresi\u00f3n<\/b><\/p><p><span style=\"font-weight: 400;\">Con sujeci\u00f3n a determinadas excepciones que se exponen a continuaci\u00f3n, cuando recibamos una solicitud verificable de su parte, lo haremos:<\/span><\/p><ul><li style=\"font-weight: 400;\" aria-level=\"1\"><span style=\"font-weight: 400;\">Eliminar sus datos personales de nuestros registros.<\/span><\/li><li style=\"font-weight: 400;\" aria-level=\"1\"><span style=\"font-weight: 400;\">Pida a cualquier proveedor de servicios que elimine sus datos personales de sus registros.<\/span><\/li><\/ul><p><span style=\"font-weight: 400;\">Tenga en cuenta que es posible que no podamos atender las solicitudes de eliminaci\u00f3n de sus datos personales si es necesario:<\/span><\/p><ul><li style=\"font-weight: 400;\" aria-level=\"1\"><span style=\"font-weight: 400;\">Completar la transacci\u00f3n para la que se recopil\u00f3 la informaci\u00f3n personal, cumplir los t\u00e9rminos de una garant\u00eda escrita o retirada de productos realizada de conformidad con la legislaci\u00f3n federal, proporcionar un bien o servicio solicitado por usted, o razonablemente previsto en el contexto de nuestra relaci\u00f3n comercial en curso con usted, o cumplir de otro modo un contrato entre usted y nosotros;<\/span><\/li><li style=\"font-weight: 400;\" aria-level=\"1\"><span style=\"font-weight: 400;\">Detectar incidentes de seguridad, proteger contra actividades maliciosas, enga\u00f1osas, fraudulentas o ilegales, o perseguir a los responsables de dichas actividades;<\/span><\/li><li style=\"font-weight: 400;\" aria-level=\"1\"><span style=\"font-weight: 400;\">Depurar para identificar y reparar errores que afecten a la funcionalidad prevista;<\/span><\/li><li style=\"font-weight: 400;\" aria-level=\"1\"><span style=\"font-weight: 400;\">Ejercer la libertad de expresi\u00f3n, garantizar el derecho de otro consumidor a ejercer su derecho a la libertad de expresi\u00f3n o ejercer otro derecho previsto por la ley;<\/span><\/li><li style=\"font-weight: 400;\" aria-level=\"1\"><span style=\"font-weight: 400;\">Cumplir la Ley de Privacidad de las Comunicaciones Electr\u00f3nicas de California;<\/span><\/li><li style=\"font-weight: 400;\" aria-level=\"1\"><span style=\"font-weight: 400;\">Participar en investigaciones cient\u00edficas, hist\u00f3ricas o estad\u00edsticas p\u00fablicas o revisadas por expertos en inter\u00e9s p\u00fablico que respeten el resto de leyes \u00e9ticas y de privacidad aplicables, cuando sea probable que nuestra eliminaci\u00f3n de la informaci\u00f3n imposibilite o perjudique gravemente la realizaci\u00f3n de dichas investigaciones, siempre que hayamos obtenido su consentimiento informado;<\/span><\/li><li style=\"font-weight: 400;\" aria-level=\"1\"><span style=\"font-weight: 400;\">Permitir \u00fanicamente usos internos que se ajusten razonablemente a sus expectativas en funci\u00f3n de su relaci\u00f3n con nosotros;<\/span><\/li><li style=\"font-weight: 400;\" aria-level=\"1\"><span style=\"font-weight: 400;\">Cumplir una obligaci\u00f3n legal existente; o<\/span><\/li><li style=\"font-weight: 400;\" aria-level=\"1\"><span style=\"font-weight: 400;\">Por lo dem\u00e1s, utilizar su informaci\u00f3n personal, internamente, de forma l\u00edcita y compatible con el contexto en el que usted facilit\u00f3 la informaci\u00f3n.<\/span><\/li><\/ul><p><b>Menores de trece a\u00f1os<\/b><\/p><p><span style=\"font-weight: 400;\">StaffNow no recopila intencionadamente informaci\u00f3n de identificaci\u00f3n personal de ni\u00f1os menores de trece a\u00f1os. Si usted es menor de trece a\u00f1os, debe pedir permiso a sus padres o tutores para utilizar este sitio web.<\/span><\/p><p><b>Comunicaciones por correo electr\u00f3nico<\/b><\/p><p><span style=\"font-weight: 400;\">De vez en cuando, StaffNow puede ponerse en contacto con usted por correo electr\u00f3nico con el fin de proporcionar anuncios, ofertas promocionales, alertas, confirmaciones, encuestas y \/ u otra comunicaci\u00f3n general. Con el fin de mejorar nuestros servicios, podemos recibir una notificaci\u00f3n cuando usted abre un correo electr\u00f3nico de StaffNow o hace clic en un enlace en el mismo.<\/span><\/p><p><span style=\"font-weight: 400;\">Si desea dejar de recibir comunicaciones de marketing o promocionales por correo electr\u00f3nico de StaffNow, puede optar por no recibir dichas comunicaciones por Los clientes pueden darse de baja de los correos electr\u00f3nicos respondiendo STOP o haciendo clic en el bot\u00f3n BAJA.<\/span><\/p><p><b>Informaci\u00f3n sobre abonados m\u00f3viles<\/b><\/p><p>No se compartir\u00e1 ni vender\u00e1 informaci\u00f3n sobre m\u00f3viles con terceros\/afiliados con fines de marketing\/promoci\u00f3n. Todas las categor\u00edas indicadas en esta pol\u00edtica de privacidad excluyen los datos y el consentimiento del remitente de los mensajes de texto; esta informaci\u00f3n no se compartir\u00e1 con terceros.<\/p><p><b>Mensajes de texto<\/b><b><br \/><\/b><span style=\"font-weight: 400;\">Al seleccionar \"s\u00ed\" para recibir comunicaciones de StaffNow al registrarse para una cuenta, usted nos autoriza a contactarlo, incluyendo el env\u00edo de mensajes de texto directamente o a trav\u00e9s de un servicio de mensajer\u00eda de texto de conducto y otras comunicaciones a un tel\u00e9fono celular utilizando un sistema de marcaci\u00f3n telef\u00f3nica autom\u00e1tica o un mensaje de voz artificial o pregrabado, a cualquier n\u00famero que usted proporcione. Usted reconoce que cualquier mensaje de texto o mensaje pregrabado enviado por nosotros puede contener contenido de ventas o marketing. Puede revocar su consentimiento para que nos pongamos en contacto con usted en un n\u00famero de tel\u00e9fono especificado comunic\u00e1ndonos su revocaci\u00f3n por cualquier medio razonable.<\/span><\/p><p><b>Cambios en esta declaraci\u00f3n<\/b><\/p><p><span style=\"font-weight: 400;\">StaffNow se reserva el derecho de cambiar esta Pol\u00edtica de Privacidad de vez en cuando. Le notificaremos sobre cambios significativos en la forma en que tratamos la informaci\u00f3n personal mediante el env\u00edo de un aviso a la direcci\u00f3n de correo electr\u00f3nico principal especificada en su cuenta, mediante la colocaci\u00f3n de un aviso destacado en nuestro sitio web, y \/ o mediante la actualizaci\u00f3n de cualquier informaci\u00f3n de privacidad. Su uso continuado del sitio web y\/o de los Servicios disponibles despu\u00e9s de dichas modificaciones constituir\u00e1 su: (a) el reconocimiento de la Pol\u00edtica de Privacidad modificada; y (b) el acuerdo de acatar y estar obligado por dicha Pol\u00edtica.<\/span><\/p><p><b>Informaci\u00f3n de contacto<\/b><\/p><p><span style=\"font-weight: 400;\">StaffNow recibe con agrado sus preguntas o comentarios relativos a esta Declaraci\u00f3n de Privacidad. Si Usted cree que StaffNow no se ha ce\u00f1ido a esta Declaraci\u00f3n, por favor, p\u00f3ngase en contacto con StaffNow a trav\u00e9s de:<\/span><\/p><p><span style=\"font-weight: 400;\">StaffNow<\/span><span style=\"font-weight: 400;\"><br \/><\/span><span style=\"font-weight: 400;\">1300 S. Litchfield Road, #115G<\/span><span style=\"font-weight: 400;\"><br \/><\/span><span style=\"font-weight: 400;\">Goodyear, AZ 85338<\/span><\/p><p><span style=\"font-weight: 400;\">Direcci\u00f3n de correo electr\u00f3nico:<\/span><span style=\"font-weight: 400;\"><br \/><\/span><span style=\"font-weight: 400;\">info@staffnowjobs.com<\/span><\/p><p><span style=\"font-weight: 400;\">N\u00famero de tel\u00e9fono:<\/span><span style=\"font-weight: 400;\"><br \/><\/span><span style=\"font-weight: 400;\">602.283.3770<\/span><\/p><p><span style=\"font-weight: 400;\">En vigor a partir del 22 de marzo de 2022<\/span><\/p>\t\t\t\t\t\t\t\t<\/div>\n\t\t\t\t<\/div>\n\t\t\t\t\t<\/div>\n\t\t\t\t<\/div>\n\t\t\t\t<\/div>","protected":false},"excerpt":{"rendered":"<p>Privacy Policy Protecting your private information is our priority. This Statement of Privacy applies to www.staffnowjobs.com, and StaffNow and governs data collection and usage. For the purposes of this Privacy Policy, unless otherwise noted, all references to StaffNow include www.staffnowjobs.com. The StaffNow website is a news and information site. By using the StaffNow website, you [&hellip;]<\/p>\n","protected":false},"author":1,"featured_media":0,"parent":0,"menu_order":0,"comment_status":"closed","ping_status":"open","template":"","meta":{"footnotes":""},"class_list":["post-3","page","type-page","status-publish","hentry"],"_links":{"self":[{"href":"https:\/\/staffnowjobs.com\/es\/wp-json\/wp\/v2\/pages\/3","targetHints":{"allow":["GET"]}}],"collection":[{"href":"https:\/\/staffnowjobs.com\/es\/wp-json\/wp\/v2\/pages"}],"about":[{"href":"https:\/\/staffnowjobs.com\/es\/wp-json\/wp\/v2\/types\/page"}],"author":[{"embeddable":true,"href":"https:\/\/staffnowjobs.com\/es\/wp-json\/wp\/v2\/users\/1"}],"replies":[{"embeddable":true,"href":"https:\/\/staffnowjobs.com\/es\/wp-json\/wp\/v2\/comments?post=3"}],"version-history":[{"count":8,"href":"https:\/\/staffnowjobs.com\/es\/wp-json\/wp\/v2\/pages\/3\/revisions"}],"predecessor-version":[{"id":7057,"href":"https:\/\/staffnowjobs.com\/es\/wp-json\/wp\/v2\/pages\/3\/revisions\/7057"}],"wp:attachment":[{"href":"https:\/\/staffnowjobs.com\/es\/wp-json\/wp\/v2\/media?parent=3"}],"curies":[{"name":"wp","href":"https:\/\/api.w.org\/{rel}","templated":true}]}}