{"id":5489,"date":"2025-02-10T21:03:33","date_gmt":"2025-02-10T21:03:33","guid":{"rendered":"https:\/\/staffnowjobs.com\/?page_id=5489"},"modified":"2025-03-23T17:03:02","modified_gmt":"2025-03-23T17:03:02","slug":"staffnow-cares","status":"publish","type":"page","link":"https:\/\/staffnowjobs.com\/es\/staffnow-cares\/","title":{"rendered":"Staffnow se preocupa"},"content":{"rendered":"<div data-elementor-type=\"wp-page\" data-elementor-id=\"5489\" class=\"elementor elementor-5489\">\n\t\t\t\t\t\t<section class=\"elementor-section elementor-top-section elementor-element elementor-element-e9b9fa8 elementor-section-content-middle elementor-section-boxed elementor-section-height-default elementor-section-height-default\" data-id=\"e9b9fa8\" data-element_type=\"section\" data-e-type=\"section\" data-settings=\"{&quot;background_background&quot;:&quot;classic&quot;}\">\n\t\t\t\t\t\t<div class=\"elementor-container elementor-column-gap-default\">\n\t\t\t\t\t<div class=\"elementor-column elementor-col-50 elementor-top-column elementor-element elementor-element-40086d6\" data-id=\"40086d6\" data-element_type=\"column\" data-e-type=\"column\">\n\t\t\t<div class=\"elementor-widget-wrap elementor-element-populated\">\n\t\t\t\t\t\t<div class=\"elementor-element elementor-element-3b3ad92 elementor-widget__width-auto elementor-icon-list--layout-traditional elementor-list-item-link-full_width elementor-widget elementor-widget-icon-list\" data-id=\"3b3ad92\" data-element_type=\"widget\" data-e-type=\"widget\" data-widget_type=\"icon-list.default\">\n\t\t\t\t<div class=\"elementor-widget-container\">\n\t\t\t\t\t\t\t<ul class=\"elementor-icon-list-items\">\n\t\t\t\t\t\t\t<li class=\"elementor-icon-list-item\">\n\t\t\t\t\t\t\t\t\t\t\t<span class=\"elementor-icon-list-icon\">\n\t\t\t\t\t\t\t<i aria-hidden=\"true\" class=\"fas fa-circle\"><\/i>\t\t\t\t\t\t<\/span>\n\t\t\t\t\t\t\t\t\t\t<span class=\"elementor-icon-list-text\">Las segundas oportunidades empiezan aqu\u00ed<\/span>\n\t\t\t\t\t\t\t\t\t<\/li>\n\t\t\t\t\t\t<\/ul>\n\t\t\t\t\t\t<\/div>\n\t\t\t\t<\/div>\n\t\t\t\t<div class=\"elementor-element elementor-element-82473bf elementor-widget elementor-widget-heading\" data-id=\"82473bf\" data-element_type=\"widget\" data-e-type=\"widget\" data-widget_type=\"heading.default\">\n\t\t\t\t<div class=\"elementor-widget-container\">\n\t\t\t\t\t<h2 class=\"elementor-heading-title elementor-size-default\">Abrir puertas, cambiar vidas<\/h2>\t\t\t\t<\/div>\n\t\t\t\t<\/div>\n\t\t\t\t<div class=\"elementor-element elementor-element-2931735 elementor-widget elementor-widget-text-editor\" data-id=\"2931735\" data-element_type=\"widget\" data-e-type=\"widget\" data-widget_type=\"text-editor.default\">\n\t\t\t\t<div class=\"elementor-widget-container\">\n\t\t\t\t\t\t\t\t\t<p><span style=\"font-weight: 400;\">Cuando decimos que nos inspira todo el mundo, nos referimos a <\/span><i><span style=\"font-weight: 400;\">todo el mundo<\/span><\/i><span style=\"font-weight: 400;\">. En StaffNow, creemos en las segundas oportunidades, porque el pasado nunca debe definir el potencial.<\/span><\/p>\t\t\t\t\t\t\t\t<\/div>\n\t\t\t\t<\/div>\n\t\t\t\t\t<\/div>\n\t\t<\/div>\n\t\t\t\t<div class=\"elementor-column elementor-col-50 elementor-top-column elementor-element elementor-element-c3b1007\" data-id=\"c3b1007\" data-element_type=\"column\" data-e-type=\"column\">\n\t\t\t<div class=\"elementor-widget-wrap elementor-element-populated\">\n\t\t\t\t\t\t<div class=\"elementor-element elementor-element-bee99b5 elementor-widget elementor-widget-image\" data-id=\"bee99b5\" data-element_type=\"widget\" data-e-type=\"widget\" data-widget_type=\"image.default\">\n\t\t\t\t<div class=\"elementor-widget-container\">\n\t\t\t\t\t\t\t\t\t\t\t\t\t\t\t<img fetchpriority=\"high\" decoding=\"async\" width=\"1024\" height=\"576\" src=\"https:\/\/staffnowjobs.com\/wp-content\/uploads\/2025\/02\/colleagues-safety-equipment-work-1024x576.jpg\" class=\"attachment-large size-large wp-image-6102\" alt=\"\" srcset=\"https:\/\/staffnowjobs.com\/wp-content\/uploads\/2025\/02\/colleagues-safety-equipment-work-1024x576.jpg 1024w, https:\/\/staffnowjobs.com\/wp-content\/uploads\/2025\/02\/colleagues-safety-equipment-work-300x169.jpg 300w, https:\/\/staffnowjobs.com\/wp-content\/uploads\/2025\/02\/colleagues-safety-equipment-work-768x432.jpg 768w, https:\/\/staffnowjobs.com\/wp-content\/uploads\/2025\/02\/colleagues-safety-equipment-work.jpg 1366w\" sizes=\"(max-width: 1024px) 100vw, 1024px\" title=\"\">\t\t\t\t\t\t\t\t\t\t\t\t\t\t\t<\/div>\n\t\t\t\t<\/div>\n\t\t\t\t\t<\/div>\n\t\t<\/div>\n\t\t\t\t\t<\/div>\n\t\t<\/section>\n\t\t\t\t<section class=\"elementor-section elementor-top-section elementor-element elementor-element-726134b elementor-section-content-middle elementor-section-boxed elementor-section-height-default elementor-section-height-default\" data-id=\"726134b\" data-element_type=\"section\" data-e-type=\"section\" data-settings=\"{&quot;background_background&quot;:&quot;classic&quot;}\">\n\t\t\t\t\t\t<div class=\"elementor-container elementor-column-gap-default\">\n\t\t\t\t\t<div class=\"elementor-column elementor-col-50 elementor-top-column elementor-element elementor-element-fde4658\" data-id=\"fde4658\" data-element_type=\"column\" data-e-type=\"column\">\n\t\t\t<div class=\"elementor-widget-wrap elementor-element-populated\">\n\t\t\t\t\t\t<div class=\"elementor-element elementor-element-30b99d7 elementor-widget elementor-widget-image\" data-id=\"30b99d7\" data-element_type=\"widget\" data-e-type=\"widget\" data-widget_type=\"image.default\">\n\t\t\t\t<div class=\"elementor-widget-container\">\n\t\t\t\t\t\t\t\t\t\t\t\t\t\t\t<img decoding=\"async\" width=\"1024\" height=\"576\" src=\"https:\/\/staffnowjobs.com\/wp-content\/uploads\/2025\/02\/male-employees-warehouse-1024x576.jpg\" class=\"attachment-large size-large wp-image-6103\" alt=\"\" srcset=\"https:\/\/staffnowjobs.com\/wp-content\/uploads\/2025\/02\/male-employees-warehouse-1024x576.jpg 1024w, https:\/\/staffnowjobs.com\/wp-content\/uploads\/2025\/02\/male-employees-warehouse-300x169.jpg 300w, https:\/\/staffnowjobs.com\/wp-content\/uploads\/2025\/02\/male-employees-warehouse-768x432.jpg 768w, https:\/\/staffnowjobs.com\/wp-content\/uploads\/2025\/02\/male-employees-warehouse.jpg 1366w\" sizes=\"(max-width: 1024px) 100vw, 1024px\" title=\"\">\t\t\t\t\t\t\t\t\t\t\t\t\t\t\t<\/div>\n\t\t\t\t<\/div>\n\t\t\t\t\t<\/div>\n\t\t<\/div>\n\t\t\t\t<div class=\"elementor-column elementor-col-50 elementor-top-column elementor-element elementor-element-40061f1\" data-id=\"40061f1\" data-element_type=\"column\" data-e-type=\"column\">\n\t\t\t<div class=\"elementor-widget-wrap elementor-element-populated\">\n\t\t\t\t\t\t<div class=\"elementor-element elementor-element-881939f elementor-widget__width-auto elementor-icon-list--layout-traditional elementor-list-item-link-full_width elementor-widget elementor-widget-icon-list\" data-id=\"881939f\" data-element_type=\"widget\" data-e-type=\"widget\" data-widget_type=\"icon-list.default\">\n\t\t\t\t<div class=\"elementor-widget-container\">\n\t\t\t\t\t\t\t<ul class=\"elementor-icon-list-items\">\n\t\t\t\t\t\t\t<li class=\"elementor-icon-list-item\">\n\t\t\t\t\t\t\t\t\t\t\t<span class=\"elementor-icon-list-icon\">\n\t\t\t\t\t\t\t<i aria-hidden=\"true\" class=\"fas fa-circle\"><\/i>\t\t\t\t\t\t<\/span>\n\t\t\t\t\t\t\t\t\t\t<span class=\"elementor-icon-list-text\">Apoye las segundas oportunidades<\/span>\n\t\t\t\t\t\t\t\t\t<\/li>\n\t\t\t\t\t\t<\/ul>\n\t\t\t\t\t\t<\/div>\n\t\t\t\t<\/div>\n\t\t\t\t<div class=\"elementor-element elementor-element-b29c56f elementor-widget elementor-widget-heading\" data-id=\"b29c56f\" data-element_type=\"widget\" data-e-type=\"widget\" data-widget_type=\"heading.default\">\n\t\t\t\t<div class=\"elementor-widget-container\">\n\t\t\t\t\t<h2 class=\"elementor-heading-title elementor-size-default\">Un camino para todos<\/h2>\t\t\t\t<\/div>\n\t\t\t\t<\/div>\n\t\t\t\t<div class=\"elementor-element elementor-element-b6373fd elementor-widget elementor-widget-text-editor\" data-id=\"b6373fd\" data-element_type=\"widget\" data-e-type=\"widget\" data-widget_type=\"text-editor.default\">\n\t\t\t\t<div class=\"elementor-widget-container\">\n\t\t\t\t\t\t\t\t\t<p><span style=\"font-weight: 400;\">La experiencia de vida nos define, pero para muchos, tambi\u00e9n puede convertirse en un obst\u00e1culo para acceder a nuevas oportunidades. Por eso creamos StaffNow Cares, una organizaci\u00f3n sin fines de lucro dedicada a conectar empleadores inclusivos con personas motivadas que est\u00e1n listas para reconstruir su futuro.<\/span><\/p><p><span style=\"font-weight: 400;\">Nos asociamos con empresas que reconocen el valor de la contrataci\u00f3n de segunda oportunidad, ayudando a personas con antecedentes penales a conseguir un empleo significativo y un nuevo comienzo.<\/span><\/p>\t\t\t\t\t\t\t\t<\/div>\n\t\t\t\t<\/div>\n\t\t\t\t\t<\/div>\n\t\t<\/div>\n\t\t\t\t\t<\/div>\n\t\t<\/section>\n\t\t\t\t<section class=\"elementor-section elementor-top-section elementor-element elementor-element-88c8b49 elementor-section-content-middle elementor-section-boxed elementor-section-height-default elementor-section-height-default\" data-id=\"88c8b49\" data-element_type=\"section\" data-e-type=\"section\" data-settings=\"{&quot;background_background&quot;:&quot;classic&quot;}\">\n\t\t\t\t\t\t<div class=\"elementor-container elementor-column-gap-default\">\n\t\t\t\t\t<div class=\"elementor-column elementor-col-50 elementor-top-column elementor-element elementor-element-765b5c1\" data-id=\"765b5c1\" data-element_type=\"column\" data-e-type=\"column\">\n\t\t\t<div class=\"elementor-widget-wrap elementor-element-populated\">\n\t\t\t\t\t\t<div class=\"elementor-element elementor-element-b25e6a9 elementor-widget__width-auto elementor-icon-list--layout-traditional elementor-list-item-link-full_width elementor-widget elementor-widget-icon-list\" data-id=\"b25e6a9\" data-element_type=\"widget\" data-e-type=\"widget\" data-widget_type=\"icon-list.default\">\n\t\t\t\t<div class=\"elementor-widget-container\">\n\t\t\t\t\t\t\t<ul class=\"elementor-icon-list-items\">\n\t\t\t\t\t\t\t<li class=\"elementor-icon-list-item\">\n\t\t\t\t\t\t\t\t\t\t\t<span class=\"elementor-icon-list-icon\">\n\t\t\t\t\t\t\t<i aria-hidden=\"true\" class=\"fas fa-circle\"><\/i>\t\t\t\t\t\t<\/span>\n\t\t\t\t\t\t\t\t\t\t<span class=\"elementor-icon-list-text\">Una segunda oportunidad para las empresas<\/span>\n\t\t\t\t\t\t\t\t\t<\/li>\n\t\t\t\t\t\t<\/ul>\n\t\t\t\t\t\t<\/div>\n\t\t\t\t<\/div>\n\t\t\t\t<div class=\"elementor-element elementor-element-d2fd862 elementor-widget elementor-widget-heading\" data-id=\"d2fd862\" data-element_type=\"widget\" data-e-type=\"widget\" data-widget_type=\"heading.default\">\n\t\t\t\t<div class=\"elementor-widget-container\">\n\t\t\t\t\t<h2 class=\"elementor-heading-title elementor-size-default\">Liberar el talento oculto de Estados Unidos<\/h2>\t\t\t\t<\/div>\n\t\t\t\t<\/div>\n\t\t\t\t<div class=\"elementor-element elementor-element-67bc803 elementor-widget elementor-widget-text-editor\" data-id=\"67bc803\" data-element_type=\"widget\" data-e-type=\"widget\" data-widget_type=\"text-editor.default\">\n\t\t\t\t<div class=\"elementor-widget-container\">\n\t\t\t\t\t\t\t\t\t<p><span style=\"font-weight: 400;\">M\u00e1s de 80 millones de estadounidenses se enfrentan a obst\u00e1culos para encontrar empleo debido a errores cometidos en el pasado: uno de cada cuatro adultos. En un mercado laboral en el que las empresas luchan por encontrar trabajadores cualificados, demasiadas empresas pasan por alto una mano de obra con talento y motivada.<\/span><\/p><p><span style=\"font-weight: 400;\">A trav\u00e9s de StaffNow Cares, acortamos distancias y ayudamos a las empresas a aprovechar esta mano de obra desaprovechada, reducir la escasez de personal contratado y crear una mano de obra m\u00e1s inclusiva y productiva.<br \/><br \/>M\u00e1s informaci\u00f3n: Hemos publicado un White Paper en el que se describen las ventajas de la contrataci\u00f3n de segunda oportunidad y c\u00f3mo las empresas pueden aprovechar esta mano de obra cualificada.<br \/><\/span><\/p>\t\t\t\t\t\t\t\t<\/div>\n\t\t\t\t<\/div>\n\t\t\t\t<div data-flexitype-wrapper-link=\"{&quot;url&quot;:&quot;https:\\\/\\\/staffnowjobs.com\\\/wp-content\\\/uploads\\\/2025\\\/02\\\/Second-Chance-Hiring-Brochure_single-pages.pdf&quot;,&quot;is_external&quot;:&quot;on&quot;,&quot;nofollow&quot;:&quot;&quot;}\" style=\"cursor: pointer\" class=\"elementor-element elementor-element-c217d2f elementor-widget elementor-widget-flexitype-creative-button\" data-id=\"c217d2f\" data-element_type=\"widget\" data-e-type=\"widget\" data-widget_type=\"flexitype-creative-button.default\">\n\t\t\t\t<div class=\"elementor-widget-container\">\n\t\t\t\t\t        <div class=\"flexitype-btn\">\r\n            <a class=\"flexitype-btn-wrapper button-wayra\" href=\"https:\/\/staffnowjobs.com\/wp-content\/uploads\/2025\/02\/Second-Chance-Hiring-Brochure_single-pages.pdf\" target=\"_blank\" data-text=\"Download White Paper\">\r\n                <span>Descargar White Paper<\/span>\r\n                            <\/a>\r\n        <\/div>\r\n        \t\t\t\t<\/div>\n\t\t\t\t<\/div>\n\t\t\t\t\t<\/div>\n\t\t<\/div>\n\t\t\t\t<div class=\"elementor-column elementor-col-50 elementor-top-column elementor-element elementor-element-838a4aa\" data-id=\"838a4aa\" data-element_type=\"column\" data-e-type=\"column\">\n\t\t\t<div class=\"elementor-widget-wrap elementor-element-populated\">\n\t\t\t\t\t\t<div class=\"elementor-element elementor-element-fc287d8 elementor-widget elementor-widget-image\" data-id=\"fc287d8\" data-element_type=\"widget\" data-e-type=\"widget\" data-widget_type=\"image.default\">\n\t\t\t\t<div class=\"elementor-widget-container\">\n\t\t\t\t\t\t\t\t\t\t\t\t\t\t\t<img decoding=\"async\" width=\"1024\" height=\"576\" src=\"https:\/\/staffnowjobs.com\/wp-content\/uploads\/2025\/02\/medium-shot-man-with-tablet-1024x576.jpg\" class=\"attachment-large size-large wp-image-6104\" alt=\"\" srcset=\"https:\/\/staffnowjobs.com\/wp-content\/uploads\/2025\/02\/medium-shot-man-with-tablet-1024x576.jpg 1024w, https:\/\/staffnowjobs.com\/wp-content\/uploads\/2025\/02\/medium-shot-man-with-tablet-300x169.jpg 300w, https:\/\/staffnowjobs.com\/wp-content\/uploads\/2025\/02\/medium-shot-man-with-tablet-768x432.jpg 768w, https:\/\/staffnowjobs.com\/wp-content\/uploads\/2025\/02\/medium-shot-man-with-tablet.jpg 1366w\" sizes=\"(max-width: 1024px) 100vw, 1024px\" title=\"\">\t\t\t\t\t\t\t\t\t\t\t\t\t\t\t<\/div>\n\t\t\t\t<\/div>\n\t\t\t\t\t<\/div>\n\t\t<\/div>\n\t\t\t\t\t<\/div>\n\t\t<\/section>\n\t\t\t\t<\/div>","protected":false},"excerpt":{"rendered":"<p>Second Chances Start Here Opening Doors, Changing Lives When we say we\u2019re inspired by everyone, we mean everyone. At StaffNow, we believe in second chances\u2014because potential should never be defined by the past. Support Second Chances A Path Forward for Everyone Life experience shapes who we are, but for many, it can also become a [&hellip;]<\/p>\n","protected":false},"author":1,"featured_media":0,"parent":0,"menu_order":0,"comment_status":"closed","ping_status":"closed","template":"page-builder.php","meta":{"footnotes":""},"class_list":["post-5489","page","type-page","status-publish","hentry"],"_links":{"self":[{"href":"https:\/\/staffnowjobs.com\/es\/wp-json\/wp\/v2\/pages\/5489","targetHints":{"allow":["GET"]}}],"collection":[{"href":"https:\/\/staffnowjobs.com\/es\/wp-json\/wp\/v2\/pages"}],"about":[{"href":"https:\/\/staffnowjobs.com\/es\/wp-json\/wp\/v2\/types\/page"}],"author":[{"embeddable":true,"href":"https:\/\/staffnowjobs.com\/es\/wp-json\/wp\/v2\/users\/1"}],"replies":[{"embeddable":true,"href":"https:\/\/staffnowjobs.com\/es\/wp-json\/wp\/v2\/comments?post=5489"}],"version-history":[{"count":56,"href":"https:\/\/staffnowjobs.com\/es\/wp-json\/wp\/v2\/pages\/5489\/revisions"}],"predecessor-version":[{"id":6656,"href":"https:\/\/staffnowjobs.com\/es\/wp-json\/wp\/v2\/pages\/5489\/revisions\/6656"}],"wp:attachment":[{"href":"https:\/\/staffnowjobs.com\/es\/wp-json\/wp\/v2\/media?parent=5489"}],"curies":[{"name":"wp","href":"https:\/\/api.w.org\/{rel}","templated":true}]}}