{"id":5493,"date":"2025-02-10T21:09:53","date_gmt":"2025-02-10T21:09:53","guid":{"rendered":"https:\/\/staffnowjobs.com\/?page_id=5493"},"modified":"2025-08-18T16:35:08","modified_gmt":"2025-08-18T16:35:08","slug":"why-work-with-us","status":"publish","type":"page","link":"https:\/\/staffnowjobs.com\/es\/find-a-job\/why-work-with-us\/","title":{"rendered":"Por qu\u00e9 trabajar con nosotros"},"content":{"rendered":"<div data-elementor-type=\"wp-page\" data-elementor-id=\"5493\" class=\"elementor elementor-5493\">\n\t\t\t\t\t\t<section class=\"elementor-section elementor-top-section elementor-element elementor-element-f4b3508 elementor-section-content-middle elementor-section-boxed elementor-section-height-default elementor-section-height-default\" data-id=\"f4b3508\" data-element_type=\"section\" data-e-type=\"section\" data-settings=\"{&quot;background_background&quot;:&quot;classic&quot;}\">\n\t\t\t\t\t\t<div class=\"elementor-container elementor-column-gap-default\">\n\t\t\t\t\t<div class=\"elementor-column elementor-col-50 elementor-top-column elementor-element elementor-element-90a009a\" data-id=\"90a009a\" data-element_type=\"column\" data-e-type=\"column\">\n\t\t\t<div class=\"elementor-widget-wrap elementor-element-populated\">\n\t\t\t\t\t\t<div class=\"elementor-element elementor-element-569ea46 elementor-widget__width-auto elementor-icon-list--layout-traditional elementor-list-item-link-full_width elementor-widget elementor-widget-icon-list\" data-id=\"569ea46\" data-element_type=\"widget\" data-e-type=\"widget\" data-widget_type=\"icon-list.default\">\n\t\t\t\t<div class=\"elementor-widget-container\">\n\t\t\t\t\t\t\t<ul class=\"elementor-icon-list-items\">\n\t\t\t\t\t\t\t<li class=\"elementor-icon-list-item\">\n\t\t\t\t\t\t\t\t\t\t\t<span class=\"elementor-icon-list-icon\">\n\t\t\t\t\t\t\t<i aria-hidden=\"true\" class=\"fas fa-circle\"><\/i>\t\t\t\t\t\t<\/span>\n\t\t\t\t\t\t\t\t\t\t<span class=\"elementor-icon-list-text\">Contratar ahora<\/span>\n\t\t\t\t\t\t\t\t\t<\/li>\n\t\t\t\t\t\t<\/ul>\n\t\t\t\t\t\t<\/div>\n\t\t\t\t<\/div>\n\t\t\t\t<div class=\"elementor-element elementor-element-bc5062f elementor-widget__width-initial elementor-widget-mobile__width-inherit elementor-widget elementor-widget-heading\" data-id=\"bc5062f\" data-element_type=\"widget\" data-e-type=\"widget\" data-widget_type=\"heading.default\">\n\t\t\t\t<div class=\"elementor-widget-container\">\n\t\t\t\t\t<h2 class=\"elementor-heading-title elementor-size-default\">Un puente entre usted y el trabajo que necesita <\/h2>\t\t\t\t<\/div>\n\t\t\t\t<\/div>\n\t\t\t\t<div class=\"elementor-element elementor-element-72a8369 elementor-widget elementor-widget-text-editor\" data-id=\"72a8369\" data-element_type=\"widget\" data-e-type=\"widget\" data-widget_type=\"text-editor.default\">\n\t\t\t\t<div class=\"elementor-widget-container\">\n\t\t\t\t\t\t\t\t\t<p><span style=\"font-weight: 400;\">En StaffNow, nos especializamos en conectar a los buscadores de empleo con posiciones en manufactura ligera, cadena de suministro y oficios especializados. Nos asociamos con empresas que buscan trabajadores confiables y calificados, y brindamos oportunidades para quienes est\u00e1n listos para trabajar.<\/span><\/p><p><span style=\"font-weight: 400;\">Tanto si busca un trabajo temporal, roles de contrato a contrataci\u00f3n o empleo a tiempo completo, nuestro equipo est\u00e1 aqu\u00ed para ayudarte a dar el siguiente paso en tu carrera.<\/span><\/p>\t\t\t\t\t\t\t\t<\/div>\n\t\t\t\t<\/div>\n\t\t\t\t<div data-flexitype-wrapper-link=\"{&quot;url&quot;:&quot;\\\/job-openings\\\/&quot;,&quot;is_external&quot;:&quot;on&quot;,&quot;nofollow&quot;:&quot;&quot;}\" style=\"cursor: pointer\" class=\"elementor-element elementor-element-2635091 elementor-widget elementor-widget-flexitype-creative-button\" data-id=\"2635091\" data-element_type=\"widget\" data-e-type=\"widget\" data-widget_type=\"flexitype-creative-button.default\">\n\t\t\t\t<div class=\"elementor-widget-container\">\n\t\t\t\t\t        <div class=\"flexitype-btn\">\r\n            <a class=\"flexitype-btn-wrapper button-wayra\" href=\"\/es\/job-openings\/\" target=\"_blank\" data-text=\"Start Your Job Search Now \">\r\n                <span>Explorar oportunidades <\/span>\r\n                            <\/a>\r\n        <\/div>\r\n        \t\t\t\t<\/div>\n\t\t\t\t<\/div>\n\t\t\t\t\t<\/div>\n\t\t<\/div>\n\t\t\t\t<div class=\"elementor-column elementor-col-50 elementor-top-column elementor-element elementor-element-6e0694c\" data-id=\"6e0694c\" data-element_type=\"column\" data-e-type=\"column\">\n\t\t\t<div class=\"elementor-widget-wrap elementor-element-populated\">\n\t\t\t\t\t\t<div class=\"elementor-element elementor-element-136ed19 elementor-invisible elementor-widget elementor-widget-image\" data-id=\"136ed19\" data-element_type=\"widget\" data-e-type=\"widget\" data-settings=\"{&quot;_animation&quot;:&quot;zoomIn&quot;,&quot;_animation_delay&quot;:250}\" data-widget_type=\"image.default\">\n\t\t\t\t<div class=\"elementor-widget-container\">\n\t\t\t\t\t\t\t\t\t\t\t\t\t\t\t<img fetchpriority=\"high\" decoding=\"async\" width=\"768\" height=\"1024\" src=\"https:\/\/staffnowjobs.com\/wp-content\/uploads\/2025\/02\/Depositphotos_21970243_XL-1.jpg\" class=\"attachment-large size-large wp-image-6408\" alt=\"\" srcset=\"https:\/\/staffnowjobs.com\/wp-content\/uploads\/2025\/02\/Depositphotos_21970243_XL-1.jpg 768w, https:\/\/staffnowjobs.com\/wp-content\/uploads\/2025\/02\/Depositphotos_21970243_XL-1-225x300.jpg 225w\" sizes=\"(max-width: 768px) 100vw, 768px\" title=\"\">\t\t\t\t\t\t\t\t\t\t\t\t\t\t\t<\/div>\n\t\t\t\t<\/div>\n\t\t\t\t\t<\/div>\n\t\t<\/div>\n\t\t\t\t\t<\/div>\n\t\t<\/section>\n\t\t\t\t<section class=\"elementor-section elementor-top-section elementor-element elementor-element-a561972 elementor-section-content-middle elementor-section-boxed elementor-section-height-default elementor-section-height-default\" data-id=\"a561972\" data-element_type=\"section\" data-e-type=\"section\" data-settings=\"{&quot;background_background&quot;:&quot;classic&quot;}\">\n\t\t\t\t\t\t<div class=\"elementor-container elementor-column-gap-default\">\n\t\t\t\t\t<div class=\"elementor-column elementor-col-50 elementor-top-column elementor-element elementor-element-79e6472\" data-id=\"79e6472\" data-element_type=\"column\" data-e-type=\"column\">\n\t\t\t<div class=\"elementor-widget-wrap elementor-element-populated\">\n\t\t\t\t\t\t<div class=\"elementor-element elementor-element-9b50888 elementor-widget elementor-widget-image\" data-id=\"9b50888\" data-element_type=\"widget\" data-e-type=\"widget\" data-widget_type=\"image.default\">\n\t\t\t\t<div class=\"elementor-widget-container\">\n\t\t\t\t\t\t\t\t\t\t\t\t\t\t\t<img decoding=\"async\" width=\"768\" height=\"1024\" src=\"https:\/\/staffnowjobs.com\/wp-content\/uploads\/2025\/02\/vecteezy_workers-in-engineering-roles-evaluate-wooden-timbers-during_54903278-1.jpg\" class=\"attachment-large size-large wp-image-6411\" alt=\"\" srcset=\"https:\/\/staffnowjobs.com\/wp-content\/uploads\/2025\/02\/vecteezy_workers-in-engineering-roles-evaluate-wooden-timbers-during_54903278-1.jpg 768w, https:\/\/staffnowjobs.com\/wp-content\/uploads\/2025\/02\/vecteezy_workers-in-engineering-roles-evaluate-wooden-timbers-during_54903278-1-225x300.jpg 225w\" sizes=\"(max-width: 768px) 100vw, 768px\" title=\"\">\t\t\t\t\t\t\t\t\t\t\t\t\t\t\t<\/div>\n\t\t\t\t<\/div>\n\t\t\t\t\t<\/div>\n\t\t<\/div>\n\t\t\t\t<div class=\"elementor-column elementor-col-50 elementor-top-column elementor-element elementor-element-67e2690\" data-id=\"67e2690\" data-element_type=\"column\" data-e-type=\"column\">\n\t\t\t<div class=\"elementor-widget-wrap elementor-element-populated\">\n\t\t\t\t\t\t<div class=\"elementor-element elementor-element-b82e028 elementor-widget__width-auto elementor-icon-list--layout-traditional elementor-list-item-link-full_width elementor-widget elementor-widget-icon-list\" data-id=\"b82e028\" data-element_type=\"widget\" data-e-type=\"widget\" data-widget_type=\"icon-list.default\">\n\t\t\t\t<div class=\"elementor-widget-container\">\n\t\t\t\t\t\t\t<ul class=\"elementor-icon-list-items\">\n\t\t\t\t\t\t\t<li class=\"elementor-icon-list-item\">\n\t\t\t\t\t\t\t\t\t\t\t<span class=\"elementor-icon-list-icon\">\n\t\t\t\t\t\t\t<i aria-hidden=\"true\" class=\"fas fa-circle\"><\/i>\t\t\t\t\t\t<\/span>\n\t\t\t\t\t\t\t\t\t\t<span class=\"elementor-icon-list-text\">Nuestro enfoque<\/span>\n\t\t\t\t\t\t\t\t\t<\/li>\n\t\t\t\t\t\t<\/ul>\n\t\t\t\t\t\t<\/div>\n\t\t\t\t<\/div>\n\t\t\t\t<div class=\"elementor-element elementor-element-ec22dc6 elementor-widget elementor-widget-heading\" data-id=\"ec22dc6\" data-element_type=\"widget\" data-e-type=\"widget\" data-widget_type=\"heading.default\">\n\t\t\t\t<div class=\"elementor-widget-container\">\n\t\t\t\t\t<h2 class=\"elementor-heading-title elementor-size-default\">Las personas son lo primero<\/h2>\t\t\t\t<\/div>\n\t\t\t\t<\/div>\n\t\t\t\t<div class=\"elementor-element elementor-element-39161ed elementor-widget elementor-widget-heading\" data-id=\"39161ed\" data-element_type=\"widget\" data-e-type=\"widget\" data-widget_type=\"heading.default\">\n\t\t\t\t<div class=\"elementor-widget-container\">\n\t\t\t\t\t<p class=\"elementor-heading-title elementor-size-default\">En StaffNow, nuestra pasi\u00f3n es ayudar a las personas a encontrar un trabajo significativo. Cada conexi\u00f3n que hacemos es algo m\u00e1s que cubrir un puesto de trabajo, se trata de colocarte en un puesto en el que puedas prosperar, crecer y construir una s\u00f3lida trayectoria profesional. Ponemos en contacto a los solicitantes de empleo con las oportunidades que se ajustan a sus habilidades y objetivos, garantizando que cada trabajo sea un paso hacia nuevas posibilidades.<\/p>\t\t\t\t<\/div>\n\t\t\t\t<\/div>\n\t\t\t\t\t<\/div>\n\t\t<\/div>\n\t\t\t\t\t<\/div>\n\t\t<\/section>\n\t\t\t\t<section class=\"elementor-section elementor-top-section elementor-element elementor-element-90b8b5d elementor-section-content-middle elementor-section-boxed elementor-section-height-default elementor-section-height-default\" data-id=\"90b8b5d\" data-element_type=\"section\" data-e-type=\"section\" data-settings=\"{&quot;background_background&quot;:&quot;classic&quot;}\">\n\t\t\t\t\t\t<div class=\"elementor-container elementor-column-gap-default\">\n\t\t\t\t\t<div class=\"elementor-column elementor-col-50 elementor-top-column elementor-element elementor-element-5fe4ad2\" data-id=\"5fe4ad2\" data-element_type=\"column\" data-e-type=\"column\">\n\t\t\t<div class=\"elementor-widget-wrap elementor-element-populated\">\n\t\t\t\t\t\t<div class=\"elementor-element elementor-element-57b3073 elementor-widget__width-auto elementor-icon-list--layout-traditional elementor-list-item-link-full_width elementor-widget elementor-widget-icon-list\" data-id=\"57b3073\" data-element_type=\"widget\" data-e-type=\"widget\" data-widget_type=\"icon-list.default\">\n\t\t\t\t<div class=\"elementor-widget-container\">\n\t\t\t\t\t\t\t<ul class=\"elementor-icon-list-items\">\n\t\t\t\t\t\t\t<li class=\"elementor-icon-list-item\">\n\t\t\t\t\t\t\t\t\t\t\t<span class=\"elementor-icon-list-icon\">\n\t\t\t\t\t\t\t<i aria-hidden=\"true\" class=\"fas fa-circle\"><\/i>\t\t\t\t\t\t<\/span>\n\t\t\t\t\t\t\t\t\t\t<span class=\"elementor-icon-list-text\">Explorar oportunidades<\/span>\n\t\t\t\t\t\t\t\t\t<\/li>\n\t\t\t\t\t\t<\/ul>\n\t\t\t\t\t\t<\/div>\n\t\t\t\t<\/div>\n\t\t\t\t<div class=\"elementor-element elementor-element-75ac7ef elementor-widget__width-initial elementor-widget-mobile__width-inherit elementor-widget elementor-widget-heading\" data-id=\"75ac7ef\" data-element_type=\"widget\" data-e-type=\"widget\" data-widget_type=\"heading.default\">\n\t\t\t\t<div class=\"elementor-widget-container\">\n\t\t\t\t\t<h2 class=\"elementor-heading-title elementor-size-default\">Su futuro empieza aqu\u00ed<\/h2>\t\t\t\t<\/div>\n\t\t\t\t<\/div>\n\t\t\t\t<div class=\"elementor-element elementor-element-ecdbb99 elementor-widget elementor-widget-text-editor\" data-id=\"ecdbb99\" data-element_type=\"widget\" data-e-type=\"widget\" data-widget_type=\"text-editor.default\">\n\t\t\t\t<div class=\"elementor-widget-container\">\n\t\t\t\t\t\t\t\t\t<p>Creemos que todos merecen una oportunidad de tener \u00e9xito. No importa de d\u00f3nde vengas, tus habilidades, dedicaci\u00f3n y potencial son importantes. En StaffNow, te conectamos con lugares de trabajo donde tus esfuerzos son reconocidos y tienes la oportunidad de construir un mejor ma\u00f1ana.<\/p>\t\t\t\t\t\t\t\t<\/div>\n\t\t\t\t<\/div>\n\t\t\t\t<div data-flexitype-wrapper-link=\"{&quot;url&quot;:&quot;\\\/job-openings\\\/&quot;,&quot;is_external&quot;:&quot;on&quot;,&quot;nofollow&quot;:&quot;&quot;}\" style=\"cursor: pointer\" class=\"elementor-element elementor-element-eeec84e elementor-widget elementor-widget-flexitype-creative-button\" data-id=\"eeec84e\" data-element_type=\"widget\" data-e-type=\"widget\" data-widget_type=\"flexitype-creative-button.default\">\n\t\t\t\t<div class=\"elementor-widget-container\">\n\t\t\t\t\t        <div class=\"flexitype-btn\">\r\n            <a class=\"flexitype-btn-wrapper button-wayra\" href=\"\/es\/job-openings\/\" target=\"_blank\" data-text=\"Start Your Job Search Now \">\r\n                <span>Explorar oportunidades <\/span>\r\n                            <\/a>\r\n        <\/div>\r\n        \t\t\t\t<\/div>\n\t\t\t\t<\/div>\n\t\t\t\t\t<\/div>\n\t\t<\/div>\n\t\t\t\t<div class=\"elementor-column elementor-col-50 elementor-top-column elementor-element elementor-element-10bde62\" data-id=\"10bde62\" data-element_type=\"column\" data-e-type=\"column\">\n\t\t\t<div class=\"elementor-widget-wrap elementor-element-populated\">\n\t\t\t\t\t\t<div class=\"elementor-element elementor-element-001f4df elementor-invisible elementor-widget elementor-widget-image\" data-id=\"001f4df\" data-element_type=\"widget\" data-e-type=\"widget\" data-settings=\"{&quot;_animation&quot;:&quot;zoomIn&quot;,&quot;_animation_delay&quot;:250}\" data-widget_type=\"image.default\">\n\t\t\t\t<div class=\"elementor-widget-container\">\n\t\t\t\t\t\t\t\t\t\t\t\t\t\t\t<img decoding=\"async\" width=\"768\" height=\"1024\" src=\"https:\/\/staffnowjobs.com\/wp-content\/uploads\/2025\/02\/vecteezy_african-workers-man-engineering-walking-and-inspecting-with_41294711-1.jpg\" class=\"attachment-large size-large wp-image-6410\" alt=\"\" srcset=\"https:\/\/staffnowjobs.com\/wp-content\/uploads\/2025\/02\/vecteezy_african-workers-man-engineering-walking-and-inspecting-with_41294711-1.jpg 768w, https:\/\/staffnowjobs.com\/wp-content\/uploads\/2025\/02\/vecteezy_african-workers-man-engineering-walking-and-inspecting-with_41294711-1-225x300.jpg 225w\" sizes=\"(max-width: 768px) 100vw, 768px\" title=\"\">\t\t\t\t\t\t\t\t\t\t\t\t\t\t\t<\/div>\n\t\t\t\t<\/div>\n\t\t\t\t\t<\/div>\n\t\t<\/div>\n\t\t\t\t\t<\/div>\n\t\t<\/section>\n\t\t<div class=\"elementor-element elementor-element-404a62f e-flex e-con-boxed e-con e-parent\" data-id=\"404a62f\" data-element_type=\"container\" data-e-type=\"container\">\n\t\t\t\t\t<div class=\"e-con-inner\">\n\t\t\t\t<div class=\"elementor-element elementor-element-2f16ff9 elementor-widget elementor-widget-heading\" data-id=\"2f16ff9\" data-element_type=\"widget\" data-e-type=\"widget\" data-widget_type=\"heading.default\">\n\t\t\t\t<div class=\"elementor-widget-container\">\n\t\t\t\t\t<p class=\"elementor-heading-title elementor-size-default\">Clientes reales. Resultados reales.<\/p>\t\t\t\t<\/div>\n\t\t\t\t<\/div>\n\t\t\t\t<div class=\"elementor-element elementor-element-a8f860f elementor-widget elementor-widget-heading\" data-id=\"a8f860f\" data-element_type=\"widget\" data-e-type=\"widget\" data-widget_type=\"heading.default\">\n\t\t\t\t<div class=\"elementor-widget-container\">\n\t\t\t\t\t<h2 class=\"elementor-heading-title elementor-size-default\">Lo que dicen nuestros clientes<\/h2>\t\t\t\t<\/div>\n\t\t\t\t<\/div>\n\t\t\t\t<div class=\"elementor-element elementor-element-c740045 elementor-widget elementor-widget-video\" data-id=\"c740045\" data-element_type=\"widget\" data-e-type=\"widget\" data-settings=\"{&quot;youtube_url&quot;:&quot;https:\\\/\\\/www.youtube.com\\\/watch?v=SNG8pYcFgpQ&quot;,&quot;lazy_load&quot;:&quot;yes&quot;,&quot;video_type&quot;:&quot;youtube&quot;,&quot;controls&quot;:&quot;yes&quot;}\" data-widget_type=\"video.default\">\n\t\t\t\t<div class=\"elementor-widget-container\">\n\t\t\t\t\t\t\t<div class=\"elementor-wrapper elementor-open-inline\">\n\t\t\t<div class=\"elementor-video\"><\/div>\t\t<\/div>\n\t\t\t\t\t\t<\/div>\n\t\t\t\t<\/div>\n\t\t\t\t\t<\/div>\n\t\t\t\t<\/div>\n\t\t\t\t<\/div>","protected":false},"excerpt":{"rendered":"<p>Get Hired Now A Bridge Between You and the Work You Need At StaffNow, we specialize in connecting job seekers with light manufacturing, supply chain, and skilled trades positions. We partner with companies that are looking for reliable, skilled workers and provide opportunities for those ready to work. Whether you&#8217;re looking for temporary work, contract-to-hire [&hellip;]<\/p>\n","protected":false},"author":1,"featured_media":0,"parent":5487,"menu_order":0,"comment_status":"closed","ping_status":"closed","template":"page-builder.php","meta":{"footnotes":""},"class_list":["post-5493","page","type-page","status-publish","hentry"],"_links":{"self":[{"href":"https:\/\/staffnowjobs.com\/es\/wp-json\/wp\/v2\/pages\/5493","targetHints":{"allow":["GET"]}}],"collection":[{"href":"https:\/\/staffnowjobs.com\/es\/wp-json\/wp\/v2\/pages"}],"about":[{"href":"https:\/\/staffnowjobs.com\/es\/wp-json\/wp\/v2\/types\/page"}],"author":[{"embeddable":true,"href":"https:\/\/staffnowjobs.com\/es\/wp-json\/wp\/v2\/users\/1"}],"replies":[{"embeddable":true,"href":"https:\/\/staffnowjobs.com\/es\/wp-json\/wp\/v2\/comments?post=5493"}],"version-history":[{"count":43,"href":"https:\/\/staffnowjobs.com\/es\/wp-json\/wp\/v2\/pages\/5493\/revisions"}],"predecessor-version":[{"id":6826,"href":"https:\/\/staffnowjobs.com\/es\/wp-json\/wp\/v2\/pages\/5493\/revisions\/6826"}],"up":[{"embeddable":true,"href":"https:\/\/staffnowjobs.com\/es\/wp-json\/wp\/v2\/pages\/5487"}],"wp:attachment":[{"href":"https:\/\/staffnowjobs.com\/es\/wp-json\/wp\/v2\/media?parent=5493"}],"curies":[{"name":"wp","href":"https:\/\/api.w.org\/{rel}","templated":true}]}}