{"id":5500,"date":"2025-02-10T21:11:48","date_gmt":"2025-02-10T21:11:48","guid":{"rendered":"https:\/\/staffnowjobs.com\/?page_id=5500"},"modified":"2025-02-17T12:30:33","modified_gmt":"2025-02-17T12:30:33","slug":"whitepapers","status":"publish","type":"page","link":"https:\/\/staffnowjobs.com\/es\/resources\/whitepapers\/","title":{"rendered":"Whitepapers"},"content":{"rendered":"<div data-elementor-type=\"wp-page\" data-elementor-id=\"5500\" class=\"elementor elementor-5500\">\n\t\t\t\t<div class=\"elementor-element elementor-element-c50a51b e-flex e-con-boxed e-con e-parent\" data-id=\"c50a51b\" data-element_type=\"container\" data-e-type=\"container\">\n\t\t\t\t\t<div class=\"e-con-inner\">\n\t\t\t\t<div class=\"elementor-element elementor-element-b680ed7 elementor-widget elementor-widget-text-editor\" data-id=\"b680ed7\" data-element_type=\"widget\" data-e-type=\"widget\" data-widget_type=\"text-editor.default\">\n\t\t\t\t<div class=\"elementor-widget-container\">\n\t\t\t\t\t\t\t\t\t<h2>Contrataci\u00f3n de segunda oportunidad: la mano de obra desaprovechada que los empresarios deben tener en cuenta para cubrir las necesidades de contrataci\u00f3n<\/h2><p>La contrataci\u00f3n de segunda oportunidad es un enfoque de la selecci\u00f3n y la contrataci\u00f3n que ampl\u00eda el grupo de solicitantes a m\u00e1s de 65 millones de estadounidenses con antecedentes imperfectos. A\u00f1os de investigaci\u00f3n e iniciativas recientes apoyan y demuestran que la percepci\u00f3n negativa de las personas con una segunda oportunidad es err\u00f3nea. Las pr\u00e1cticas de contrataci\u00f3n de segunda oportunidad demuestran ser una forma rentable y eficaz de satisfacer las necesidades de mano de obra en muchos sectores. Las estad\u00edsticas son m\u00e1s que prometedoras.<\/p><p>Si desea m\u00e1s informaci\u00f3n sobre la contrataci\u00f3n de segunda oportunidad, descargue nuestro libro blanco.<\/p>\t\t\t\t\t\t\t\t<\/div>\n\t\t\t\t<\/div>\n\t\t\t\t<div data-flexitype-wrapper-link=\"{&quot;url&quot;:&quot;https:\\\/\\\/staffnowjobs.com\\\/wp-content\\\/uploads\\\/2025\\\/02\\\/Second-Chance-Hiring-Brochure_single-pages.pdf&quot;,&quot;is_external&quot;:&quot;&quot;,&quot;nofollow&quot;:&quot;&quot;}\" style=\"cursor: pointer\" class=\"elementor-element elementor-element-6d48f8c elementor-widget elementor-widget-flexitype-creative-button\" data-id=\"6d48f8c\" data-element_type=\"widget\" data-e-type=\"widget\" data-widget_type=\"flexitype-creative-button.default\">\n\t\t\t\t<div class=\"elementor-widget-container\">\n\t\t\t\t\t        <div class=\"flexitype-btn\">\r\n            <a class=\"flexitype-btn-wrapper button-wayra\" href=\"https:\/\/staffnowjobs.com\/wp-content\/uploads\/2025\/02\/Second-Chance-Hiring-Brochure_single-pages.pdf\" data-text=\"White Paper Download\">\r\n                <span>Descargar Libro Blanco<\/span>\r\n                            <\/a>\r\n        <\/div>\r\n        \t\t\t\t<\/div>\n\t\t\t\t<\/div>\n\t\t\t\t\t<\/div>\n\t\t\t\t<\/div>\n\t\t\t\t<\/div>","protected":false},"excerpt":{"rendered":"<p>Second Chance Hiring \u2013 The Untapped Labor Pool Employers Must Consider To Meet Hiring Needs Second Chance Hiring is an approach to recruiting and hiring that expands the applicant pool to upwards of 65 million Americans with an imperfect background. Years of research and recent initiatives support and show evidence that the negative perception of [&hellip;]<\/p>\n","protected":false},"author":1,"featured_media":0,"parent":5491,"menu_order":0,"comment_status":"closed","ping_status":"closed","template":"page-builder.php","meta":{"footnotes":""},"class_list":["post-5500","page","type-page","status-publish","hentry"],"_links":{"self":[{"href":"https:\/\/staffnowjobs.com\/es\/wp-json\/wp\/v2\/pages\/5500","targetHints":{"allow":["GET"]}}],"collection":[{"href":"https:\/\/staffnowjobs.com\/es\/wp-json\/wp\/v2\/pages"}],"about":[{"href":"https:\/\/staffnowjobs.com\/es\/wp-json\/wp\/v2\/types\/page"}],"author":[{"embeddable":true,"href":"https:\/\/staffnowjobs.com\/es\/wp-json\/wp\/v2\/users\/1"}],"replies":[{"embeddable":true,"href":"https:\/\/staffnowjobs.com\/es\/wp-json\/wp\/v2\/comments?post=5500"}],"version-history":[{"count":10,"href":"https:\/\/staffnowjobs.com\/es\/wp-json\/wp\/v2\/pages\/5500\/revisions"}],"predecessor-version":[{"id":6433,"href":"https:\/\/staffnowjobs.com\/es\/wp-json\/wp\/v2\/pages\/5500\/revisions\/6433"}],"up":[{"embeddable":true,"href":"https:\/\/staffnowjobs.com\/es\/wp-json\/wp\/v2\/pages\/5491"}],"wp:attachment":[{"href":"https:\/\/staffnowjobs.com\/es\/wp-json\/wp\/v2\/media?parent=5500"}],"curies":[{"name":"wp","href":"https:\/\/api.w.org\/{rel}","templated":true}]}}