{"id":6051,"date":"2025-02-13T04:20:30","date_gmt":"2025-02-13T04:20:30","guid":{"rendered":"https:\/\/staffnowjobs.com\/?page_id=6051"},"modified":"2025-02-13T04:21:25","modified_gmt":"2025-02-13T04:21:25","slug":"apply-now","status":"publish","type":"page","link":"https:\/\/staffnowjobs.com\/es\/apply-now\/","title":{"rendered":"Solicitar ahora"},"content":{"rendered":"<div data-elementor-type=\"wp-page\" data-elementor-id=\"6051\" class=\"elementor elementor-6051\">\n\t\t\t\t\t\t<section class=\"elementor-section elementor-top-section elementor-element elementor-element-e2cb938 elementor-section-boxed elementor-section-height-default elementor-section-height-default\" data-id=\"e2cb938\" data-element_type=\"section\" data-e-type=\"section\">\n\t\t\t\t\t\t<div class=\"elementor-container elementor-column-gap-default\">\n\t\t\t\t\t<div class=\"elementor-column elementor-col-100 elementor-top-column elementor-element elementor-element-40a2f08\" data-id=\"40a2f08\" data-element_type=\"column\" data-e-type=\"column\">\n\t\t\t<div class=\"elementor-widget-wrap elementor-element-populated\">\n\t\t\t\t\t\t<div class=\"elementor-element elementor-element-7fe783b elementor-widget elementor-widget-flexitype-contact-form7\" data-id=\"7fe783b\" data-element_type=\"widget\" data-e-type=\"widget\" data-widget_type=\"flexitype-contact-form7.default\">\n\t\t\t\t<div class=\"elementor-widget-container\">\n\t\t\t\t\t        <div class=\"flexitype-contact-form-wrapper\">\r\n            \n<div class=\"wpcf7 no-js\" id=\"wpcf7-f2835-o1\" lang=\"en-US\" dir=\"ltr\" data-wpcf7-id=\"2835\">\n<div class=\"screen-reader-response\"><p role=\"status\" aria-live=\"polite\" aria-atomic=\"true\"><\/p> <ul><\/ul><\/div>\n<form action=\"\/es\/wp-json\/wp\/v2\/pages\/6051#wpcf7-f2835-o1\" method=\"post\" class=\"wpcf7-form init\" aria-label=\"Formulario de contacto\" novalidate=\"novalidate\" data-status=\"init\" data-trp-original-action=\"\/es\/wp-json\/wp\/v2\/pages\/6051#wpcf7-f2835-o1\">\n<fieldset class=\"hidden-fields-container\"><input type=\"hidden\" name=\"_wpcf7\" value=\"2835\" \/><input type=\"hidden\" name=\"_wpcf7_version\" value=\"6.1.5\" \/><input type=\"hidden\" name=\"_wpcf7_locale\" value=\"en_US\" \/><input type=\"hidden\" name=\"_wpcf7_unit_tag\" value=\"wpcf7-f2835-o1\" \/><input type=\"hidden\" name=\"_wpcf7_container_post\" value=\"0\" \/><input type=\"hidden\" name=\"_wpcf7_posted_data_hash\" value=\"\" \/><input type=\"hidden\" name=\"_wpcf7_recaptcha_response\" value=\"\" \/>\n<\/fieldset>\n<div class=\"row\">\n\n<div class=\"col-md-6 mb-30\">\n<div class=\"request__quote-item\">\n<label> Nombre *\n<span class=\"wpcf7-form-control-wrap\" data-name=\"first-name\"><input size=\"40\" maxlength=\"400\" class=\"wpcf7-form-control wpcf7-text wpcf7-validates-as-required\" aria-required=\"true\" aria-invalid=\"false\" placeholder=\"En primer lugar\" value=\"\" type=\"text\" name=\"first-name\" \/><\/span> <\/label>\n<\/div>\n<\/div>\n\n<div class=\"col-md-6 md-mt-0 lg-mb-30\">\n<div class=\"request__quote-item\">\n<label> Apellido\n<span class=\"wpcf7-form-control-wrap\" data-name=\"last-name\"><input size=\"40\" maxlength=\"400\" class=\"wpcf7-form-control wpcf7-text\" aria-invalid=\"false\" placeholder=\"\u00daltima\" value=\"\" type=\"text\" name=\"last-name\" \/><\/span> <\/label>\n<\/div>\n<\/div>\n\n<div class=\"col-md-6 mb-30\">\n<div class=\"request__quote-item\">\n<label>Direcci\u00f3n de correo electr\u00f3nico\n<span class=\"wpcf7-form-control-wrap\" data-name=\"your-email\"><input size=\"40\" maxlength=\"400\" class=\"wpcf7-form-control wpcf7-email wpcf7-validates-as-required wpcf7-text wpcf7-validates-as-email\" aria-required=\"true\" aria-invalid=\"false\" placeholder=\"Correo electr\u00f3nico\" value=\"\" type=\"email\" name=\"your-email\" \/><\/span><\/label>\n<\/div>\n<\/div>\n\n<div class=\"col-md-6 lg-mb-30\">\n<div class=\"request__quote-item\">\n<label>N\u00famero *\n<span class=\"wpcf7-form-control-wrap\" data-name=\"phone-Number\"><input size=\"40\" maxlength=\"400\" class=\"wpcf7-form-control wpcf7-text wpcf7-validates-as-required\" aria-required=\"true\" aria-invalid=\"false\" placeholder=\"+00 123 4567\" value=\"\" type=\"text\" name=\"phone-Number\" \/><\/span> <\/label>\n<\/div>\n<\/div>\n\n<div class=\"col-md-6 mb-30\">\n<div class=\"request__quote-item\">\n<label>Empresa\/Organizaci\u00f3n\n<span class=\"wpcf7-form-control-wrap\" data-name=\"company-name\"><input size=\"40\" maxlength=\"400\" class=\"wpcf7-form-control wpcf7-text wpcf7-validates-as-required\" aria-required=\"true\" aria-invalid=\"false\" placeholder=\"Envato\" value=\"\" type=\"text\" name=\"company-name\" \/><\/span> <\/label>\n<\/div>\n<\/div>\n\n<div class=\"col-md-6 lg-mb-30\">\n<div class=\"request__quote-item\">\n<label>P\u00e1gina web *\n<span class=\"wpcf7-form-control-wrap\" data-name=\"website-url\"><input size=\"40\" maxlength=\"400\" class=\"wpcf7-form-control wpcf7-text wpcf7-validates-as-required\" aria-required=\"true\" aria-invalid=\"false\" placeholder=\"http:\/\/envato.com\" value=\"\" type=\"text\" name=\"website-url\" \/><\/span> <\/label>\n<\/div>\n<\/div>\n\n<div class=\"col-md-12 mb-30\">\n<div class=\"request__quote-item\">\n<label>\u00bfQu\u00e9 servicios podemos ofrecerle? *<\/label>\n<\/div>\n<br\/>\n<div class=\"request__quote-services\">\n<span class=\"wpcf7-form-control-wrap\" data-name=\"checkbox-997\"><span class=\"wpcf7-form-control wpcf7-checkbox\"><span class=\"wpcf7-list-item first\"><label><input type=\"checkbox\" name=\"checkbox-997[]\" value=\"Optimization (SEO)\" \/><span class=\"wpcf7-list-item-label\">Optimizaci\u00f3n (SEO)<\/span><\/label><\/span><span class=\"wpcf7-list-item\"><label><input type=\"checkbox\" name=\"checkbox-997[]\" value=\"Web Design\" \/><span class=\"wpcf7-list-item-label\">Dise\u00f1o web<\/span><\/label><\/span><span class=\"wpcf7-list-item\"><label><input type=\"checkbox\" name=\"checkbox-997[]\" value=\"Web Hosting\" \/><span class=\"wpcf7-list-item-label\">Alojamiento web<\/span><\/label><\/span><span class=\"wpcf7-list-item last\"><label><input type=\"checkbox\" name=\"checkbox-997[]\" value=\"Maintenance\" \/><span class=\"wpcf7-list-item-label\">Mantenimiento<\/span><\/label><\/span><\/span><\/span>\n<\/div>\n<\/div>\n\n<div class=\"col-md-12\">\n<div class=\"request__quote-item\">\n<label>Mensaje *\n<span class=\"wpcf7-form-control-wrap\" data-name=\"message\"><textarea cols=\"40\" rows=\"10\" maxlength=\"2000\" class=\"wpcf7-form-control wpcf7-textarea\" aria-invalid=\"false\" placeholder=\"Escriba aqu\u00ed...\" name=\"message\"><\/textarea><\/span><\/label>\n<\/div>\n<\/div>\n\n<div class=\"col-lg-12\">\n<input class=\"wpcf7-form-control wpcf7-submit has-spinner\" type=\"submit\" value=\"Enviar ahora\" \/>\n<\/div>\n<\/div><div class=\"wpcf7-response-output\" aria-hidden=\"true\"><\/div>\n<input type=\"hidden\" name=\"trp-form-language\" value=\"es\"\/><\/form>\n<\/div>\n        <\/div>\r\n        \t\t\t\t<\/div>\n\t\t\t\t<\/div>\n\t\t\t\t\t<\/div>\n\t\t<\/div>\n\t\t\t\t\t<\/div>\n\t\t<\/section>\n\t\t\t\t<\/div>","protected":false},"excerpt":{"rendered":"<p>Nombre * Apellidos Direcci\u00f3n de correo electr\u00f3nico * N\u00famero * Empresa\/Organizaci\u00f3n * Sitio web * \u00bfQu\u00e9 servicios podemos ofrecerle? * Optimizaci\u00f3n (SEO)Dise\u00f1o WebAlojamiento WebMantenimiento Mensaje *<\/p>","protected":false},"author":1,"featured_media":0,"parent":0,"menu_order":0,"comment_status":"closed","ping_status":"closed","template":"page-builder.php","meta":{"footnotes":""},"class_list":["post-6051","page","type-page","status-publish","hentry"],"_links":{"self":[{"href":"https:\/\/staffnowjobs.com\/es\/wp-json\/wp\/v2\/pages\/6051","targetHints":{"allow":["GET"]}}],"collection":[{"href":"https:\/\/staffnowjobs.com\/es\/wp-json\/wp\/v2\/pages"}],"about":[{"href":"https:\/\/staffnowjobs.com\/es\/wp-json\/wp\/v2\/types\/page"}],"author":[{"embeddable":true,"href":"https:\/\/staffnowjobs.com\/es\/wp-json\/wp\/v2\/users\/1"}],"replies":[{"embeddable":true,"href":"https:\/\/staffnowjobs.com\/es\/wp-json\/wp\/v2\/comments?post=6051"}],"version-history":[{"count":4,"href":"https:\/\/staffnowjobs.com\/es\/wp-json\/wp\/v2\/pages\/6051\/revisions"}],"predecessor-version":[{"id":6055,"href":"https:\/\/staffnowjobs.com\/es\/wp-json\/wp\/v2\/pages\/6051\/revisions\/6055"}],"wp:attachment":[{"href":"https:\/\/staffnowjobs.com\/es\/wp-json\/wp\/v2\/media?parent=6051"}],"curies":[{"name":"wp","href":"https:\/\/api.w.org\/{rel}","templated":true}]}}