{"id":6092,"date":"2025-02-13T17:34:48","date_gmt":"2025-02-13T17:34:48","guid":{"rendered":"https:\/\/staffnowjobs.com\/job-openings\/"},"modified":"2025-10-24T03:39:10","modified_gmt":"2025-10-24T03:39:10","slug":"job-openings","status":"publish","type":"page","link":"https:\/\/staffnowjobs.com\/es\/job-openings\/","title":{"rendered":"Buscar Empleo en StaffNow"},"content":{"rendered":"<div data-elementor-type=\"wp-page\" data-elementor-id=\"6092\" class=\"elementor elementor-6092\">\n\t\t\t\t<div class=\"elementor-element elementor-element-59d7366 elementor-hidden-desktop elementor-hidden-tablet elementor-hidden-mobile e-flex e-con-boxed e-con e-parent\" data-id=\"59d7366\" data-element_type=\"container\" data-e-type=\"container\">\n\t\t\t\t\t<div class=\"e-con-inner\">\n\t\t<div class=\"elementor-element elementor-element-2a8a151 e-con-full e-flex e-con e-child\" data-id=\"2a8a151\" data-element_type=\"container\" data-e-type=\"container\">\n\t\t\t\t<div class=\"elementor-element elementor-element-80b69d2 elementor-widget elementor-widget-heading\" data-id=\"80b69d2\" data-element_type=\"widget\" data-e-type=\"widget\" data-widget_type=\"heading.default\">\n\t\t\t\t<div class=\"elementor-widget-container\">\n\t\t\t\t\t<h2 class=\"elementor-heading-title elementor-size-default\">No te pierdas tu pr\u00f3ximo empleo: descarga la aplicaci\u00f3n StaffNow.<\/h2>\t\t\t\t<\/div>\n\t\t\t\t<\/div>\n\t\t\t\t<div class=\"elementor-element elementor-element-231cd15 elementor-widget elementor-widget-text-editor\" data-id=\"231cd15\" data-element_type=\"widget\" data-e-type=\"widget\" data-widget_type=\"text-editor.default\">\n\t\t\t\t<div class=\"elementor-widget-container\">\n\t\t\t\t\t\t\t\t\t<p>StaffNow es\u00a0<span class=\"gmail_default\">aqu\u00ed\u00a0<\/span>para ponerte en contacto con oportunidades reales y equitativas de prosperar.<br \/>Tanto si trabaja en la cadena de suministro, en la fabricaci\u00f3n o en oficios cualificados...<strong>nuestra aplicaci\u00f3n te ayuda a encontrar trabajo m\u00e1s r\u00e1pido<\/strong>\u00a0y se aplican con unos pocos toques.<\/p><p><strong>Reciba una notificaci\u00f3n instant\u00e1nea cuando se abran nuevos puestos.<\/strong><\/p><div class=\"gmail_default\">Presenta tu candidatura en segundos, sigue tu situaci\u00f3n y toma el control de tu b\u00fasqueda de empleo desde tu tel\u00e9fono.\u00a0<\/div>\t\t\t\t\t\t\t\t<\/div>\n\t\t\t\t<\/div>\n\t\t\t\t<\/div>\n\t\t<div class=\"elementor-element elementor-element-f0d75f0 e-con-full e-flex e-con e-child\" data-id=\"f0d75f0\" data-element_type=\"container\" data-e-type=\"container\">\n\t\t\t\t<div class=\"elementor-element elementor-element-2753ac2 elementor-widget elementor-widget-heading\" data-id=\"2753ac2\" data-element_type=\"widget\" data-e-type=\"widget\" data-widget_type=\"heading.default\">\n\t\t\t\t<div class=\"elementor-widget-container\">\n\t\t\t\t\t<h2 class=\"elementor-heading-title elementor-size-default\">Descargar aplicaci\u00f3n<\/h2>\t\t\t\t<\/div>\n\t\t\t\t<\/div>\n\t\t<div class=\"elementor-element elementor-element-4530bc1 e-grid e-con-full e-con e-child\" data-id=\"4530bc1\" data-element_type=\"container\" data-e-type=\"container\">\n\t\t\t\t<div data-flexitype-wrapper-link=\"{&quot;url&quot;:&quot;https:\\\/\\\/apps.apple.com\\\/us\\\/app\\\/staffnow-jobs\\\/id1557360962&quot;,&quot;is_external&quot;:&quot;on&quot;,&quot;nofollow&quot;:&quot;&quot;}\" style=\"cursor: pointer\" class=\"elementor-element elementor-element-af2cef0 elementor-widget elementor-widget-image\" data-id=\"af2cef0\" data-element_type=\"widget\" data-e-type=\"widget\" data-widget_type=\"image.default\">\n\t\t\t\t<div class=\"elementor-widget-container\">\n\t\t\t\t\t\t\t\t\t\t\t\t\t\t\t<img decoding=\"async\" width=\"180\" height=\"60\" src=\"https:\/\/staffnowjobs.com\/wp-content\/uploads\/2024\/12\/Store-NameApple-App-Store-Badge-Color-TypeBlack-LanguageEN.png\" class=\"attachment-large size-large wp-image-5538\" alt=\"\" title=\"\">\t\t\t\t\t\t\t\t\t\t\t\t\t\t\t<\/div>\n\t\t\t\t<\/div>\n\t\t\t\t<div data-flexitype-wrapper-link=\"{&quot;url&quot;:&quot;https:\\\/\\\/play.google.com\\\/store\\\/apps\\\/details?id=com.staffup.staffnow&quot;,&quot;is_external&quot;:&quot;&quot;,&quot;nofollow&quot;:&quot;&quot;}\" style=\"cursor: pointer\" class=\"elementor-element elementor-element-149b39f elementor-widget elementor-widget-image\" data-id=\"149b39f\" data-element_type=\"widget\" data-e-type=\"widget\" data-widget_type=\"image.default\">\n\t\t\t\t<div class=\"elementor-widget-container\">\n\t\t\t\t\t\t\t\t\t\t\t\t\t\t\t<img decoding=\"async\" width=\"204\" height=\"60\" src=\"https:\/\/staffnowjobs.com\/wp-content\/uploads\/2024\/12\/Store-NameGoogle-Play-Badge-Color-TypeBlack-LanguageEN.png\" class=\"attachment-large size-large wp-image-5539\" alt=\"\" title=\"\">\t\t\t\t\t\t\t\t\t\t\t\t\t\t\t<\/div>\n\t\t\t\t<\/div>\n\t\t\t\t<\/div>\n\t\t\t\t<\/div>\n\t\t\t\t\t<\/div>\n\t\t\t\t<\/div>\n\t\t<div class=\"elementor-element elementor-element-ff40e2d e-flex e-con-boxed e-con e-parent\" data-id=\"ff40e2d\" data-element_type=\"container\" data-e-type=\"container\">\n\t\t\t\t\t<div class=\"e-con-inner\">\n\t\t\t\t<div class=\"elementor-element elementor-element-f83e1d1 elementor-widget elementor-widget-shortcode\" data-id=\"f83e1d1\" data-element_type=\"widget\" data-e-type=\"widget\" data-widget_type=\"shortcode.default\">\n\t\t\t\t<div class=\"elementor-widget-container\">\n\t\t\t\t\t\t\t<div class=\"elementor-shortcode\"><\/div>\n\t\t\t\t\t\t<\/div>\n\t\t\t\t<\/div>\n\t\t\t\t\t<\/div>\n\t\t\t\t<\/div>\n\t\t\t\t<\/div>","protected":false},"excerpt":{"rendered":"<p>Don\u2019t Miss Your Next Job\u2014Download the StaffNow App! StaffNow is\u00a0here\u00a0to connect you with real, equitable opportunities to thrive.Whether you\u2019re in supply chain, manufacturing, or skilled trades\u2014our app helps you find jobs faster\u00a0and apply with just a few taps. Get notified instantly when new positions open. Apply in seconds, track your status, and take control of [&hellip;]<\/p>\n","protected":false},"author":1,"featured_media":0,"parent":0,"menu_order":0,"comment_status":"closed","ping_status":"closed","template":"page-builder.php","meta":{"footnotes":""},"class_list":["post-6092","page","type-page","status-publish","hentry"],"_links":{"self":[{"href":"https:\/\/staffnowjobs.com\/es\/wp-json\/wp\/v2\/pages\/6092","targetHints":{"allow":["GET"]}}],"collection":[{"href":"https:\/\/staffnowjobs.com\/es\/wp-json\/wp\/v2\/pages"}],"about":[{"href":"https:\/\/staffnowjobs.com\/es\/wp-json\/wp\/v2\/types\/page"}],"author":[{"embeddable":true,"href":"https:\/\/staffnowjobs.com\/es\/wp-json\/wp\/v2\/users\/1"}],"replies":[{"embeddable":true,"href":"https:\/\/staffnowjobs.com\/es\/wp-json\/wp\/v2\/comments?post=6092"}],"version-history":[{"count":49,"href":"https:\/\/staffnowjobs.com\/es\/wp-json\/wp\/v2\/pages\/6092\/revisions"}],"predecessor-version":[{"id":7117,"href":"https:\/\/staffnowjobs.com\/es\/wp-json\/wp\/v2\/pages\/6092\/revisions\/7117"}],"wp:attachment":[{"href":"https:\/\/staffnowjobs.com\/es\/wp-json\/wp\/v2\/media?parent=6092"}],"curies":[{"name":"wp","href":"https:\/\/api.w.org\/{rel}","templated":true}]}}