{"id":6781,"date":"2025-06-26T20:54:23","date_gmt":"2025-06-26T20:54:23","guid":{"rendered":"https:\/\/staffnowjobs.com\/?page_id=6781"},"modified":"2025-09-17T14:57:34","modified_gmt":"2025-09-17T14:57:34","slug":"case-studies","status":"publish","type":"page","link":"https:\/\/staffnowjobs.com\/es\/resources\/case-studies\/","title":{"rendered":"Casos pr\u00e1cticos"},"content":{"rendered":"<div data-elementor-type=\"wp-page\" data-elementor-id=\"6781\" class=\"elementor elementor-6781\">\n\t\t\t\t<div class=\"elementor-element elementor-element-e822d23 e-flex e-con-boxed e-con e-parent\" data-id=\"e822d23\" data-element_type=\"container\" data-e-type=\"container\">\n\t\t\t\t\t<div class=\"e-con-inner\">\n\t\t\t\t<div class=\"elementor-element elementor-element-9e4582a elementor-widget elementor-widget-text-editor\" data-id=\"9e4582a\" data-element_type=\"widget\" data-e-type=\"widget\" data-widget_type=\"text-editor.default\">\n\t\t\t\t<div class=\"elementor-widget-container\">\n\t\t\t\t\t\t\t\t\t<h2>Arreglar el proceso: Reducir los plazos de contrataci\u00f3n sin escatimar esfuerzos\u00a0\u00a0<\/h2><p class=\"p1\">Un proveedor l\u00edder de telecomunicaciones se asoci\u00f3 con StaffNow para superar los retrasos en la contrataci\u00f3n que antes se prolongaban durante semanas. Mediante la reestructuraci\u00f3n de su proceso de incorporaci\u00f3n, permitimos que los nuevos asociados comenzaran a trabajar en cuesti\u00f3n de d\u00edas, manteniendo las operaciones en movimiento sin compromiso.<\/p>\t\t\t\t\t\t\t\t<\/div>\n\t\t\t\t<\/div>\n\t\t\t\t<div data-flexitype-wrapper-link=\"{&quot;url&quot;:&quot;https:\\\/\\\/staffnowjobs.com\\\/wp-content\\\/uploads\\\/2025\\\/02\\\/Second-Chance-Hiring-Brochure_single-pages.pdf&quot;,&quot;is_external&quot;:&quot;&quot;,&quot;nofollow&quot;:&quot;&quot;}\" style=\"cursor: pointer\" class=\"elementor-element elementor-element-7322ce0 elementor-widget elementor-widget-flexitype-creative-button\" data-id=\"7322ce0\" data-element_type=\"widget\" data-e-type=\"widget\" data-widget_type=\"flexitype-creative-button.default\">\n\t\t\t\t<div class=\"elementor-widget-container\">\n\t\t\t\t\t        <div class=\"flexitype-btn\">\r\n            <a class=\"flexitype-btn-wrapper button-wayra\" href=\"https:\/\/staffnowjobs.com\/wp-content\/uploads\/2025\/09\/Faster-Hiring-Case-Study.pdf\" data-text=\"Download PDF\">\r\n                <span>Descargar PDF<\/span>\r\n                            <\/a>\r\n        <\/div>\r\n        \t\t\t\t<\/div>\n\t\t\t\t<\/div>\n\t\t\t\t\t<\/div>\n\t\t\t\t<\/div>\n\t\t<div class=\"elementor-element elementor-element-3350df5 e-flex e-con-boxed e-con e-parent\" data-id=\"3350df5\" data-element_type=\"container\" data-e-type=\"container\">\n\t\t\t\t\t<div class=\"e-con-inner\">\n\t\t\t\t<div class=\"elementor-element elementor-element-6f1f6be elementor-widget-divider--view-line elementor-widget elementor-widget-divider\" data-id=\"6f1f6be\" data-element_type=\"widget\" data-e-type=\"widget\" data-widget_type=\"divider.default\">\n\t\t\t\t<div class=\"elementor-widget-container\">\n\t\t\t\t\t\t\t<div class=\"elementor-divider\">\n\t\t\t<span class=\"elementor-divider-separator\">\n\t\t\t\t\t\t<\/span>\n\t\t<\/div>\n\t\t\t\t\t\t<\/div>\n\t\t\t\t<\/div>\n\t\t\t\t\t<\/div>\n\t\t\t\t<\/div>\n\t\t<div class=\"elementor-element elementor-element-4564dd2 e-flex e-con-boxed e-con e-parent\" data-id=\"4564dd2\" data-element_type=\"container\" data-e-type=\"container\">\n\t\t\t\t\t<div class=\"e-con-inner\">\n\t\t\t\t<div class=\"elementor-element elementor-element-7e5dde7 elementor-widget elementor-widget-text-editor\" data-id=\"7e5dde7\" data-element_type=\"widget\" data-e-type=\"widget\" data-widget_type=\"text-editor.default\">\n\t\t\t\t<div class=\"elementor-widget-container\">\n\t\t\t\t\t\t\t\t\t<h2>Facilitar la contrataci\u00f3n de grandes vol\u00famenes<\/h2><p class=\"p1\">StaffNow contrat\u00f3 65% de personal para una nueva planta de fabricaci\u00f3n 24\/7 - ayud\u00e1ndoles a crecer r\u00e1pidamente en un mercado laboral dif\u00edcil. Vea c\u00f3mo proporcionamos soluciones de mano de obra m\u00e1s all\u00e1 de la dotaci\u00f3n de personal.<\/p>\t\t\t\t\t\t\t\t<\/div>\n\t\t\t\t<\/div>\n\t\t\t\t<div data-flexitype-wrapper-link=\"{&quot;url&quot;:&quot;https:\\\/\\\/staffnowjobs.com\\\/wp-content\\\/uploads\\\/2025\\\/02\\\/Second-Chance-Hiring-Brochure_single-pages.pdf&quot;,&quot;is_external&quot;:&quot;&quot;,&quot;nofollow&quot;:&quot;&quot;}\" style=\"cursor: pointer\" class=\"elementor-element elementor-element-3dbf7a0 elementor-widget elementor-widget-flexitype-creative-button\" data-id=\"3dbf7a0\" data-element_type=\"widget\" data-e-type=\"widget\" data-widget_type=\"flexitype-creative-button.default\">\n\t\t\t\t<div class=\"elementor-widget-container\">\n\t\t\t\t\t        <div class=\"flexitype-btn\">\r\n            <a class=\"flexitype-btn-wrapper button-wayra\" href=\"https:\/\/staffnowjobs.com\/wp-content\/uploads\/2025\/06\/New-Manufacturing-Plant.pdf\" data-text=\"Download PDF\">\r\n                <span>Descargar PDF<\/span>\r\n                            <\/a>\r\n        <\/div>\r\n        \t\t\t\t<\/div>\n\t\t\t\t<\/div>\n\t\t\t\t\t<\/div>\n\t\t\t\t<\/div>\n\t\t\t\t<\/div>","protected":false},"excerpt":{"rendered":"<p>Fixing the Process: Cutting Hiring Timelines Without Cutting Corners\u00a0\u00a0 A leading telecommunications provider partnered with StaffNow to overcome hiring delays that once stretched for weeks. By restructuring their onboarding process, we enabled new associates to start work in just days\u2014keeping operations moving without compromise. Download PDF High-Volume Hiring Made Easy StaffNow sourced 65% of staff [&hellip;]<\/p>\n","protected":false},"author":1,"featured_media":0,"parent":5491,"menu_order":0,"comment_status":"closed","ping_status":"closed","template":"page-builder.php","meta":{"footnotes":""},"class_list":["post-6781","page","type-page","status-publish","hentry"],"_links":{"self":[{"href":"https:\/\/staffnowjobs.com\/es\/wp-json\/wp\/v2\/pages\/6781","targetHints":{"allow":["GET"]}}],"collection":[{"href":"https:\/\/staffnowjobs.com\/es\/wp-json\/wp\/v2\/pages"}],"about":[{"href":"https:\/\/staffnowjobs.com\/es\/wp-json\/wp\/v2\/types\/page"}],"author":[{"embeddable":true,"href":"https:\/\/staffnowjobs.com\/es\/wp-json\/wp\/v2\/users\/1"}],"replies":[{"embeddable":true,"href":"https:\/\/staffnowjobs.com\/es\/wp-json\/wp\/v2\/comments?post=6781"}],"version-history":[{"count":19,"href":"https:\/\/staffnowjobs.com\/es\/wp-json\/wp\/v2\/pages\/6781\/revisions"}],"predecessor-version":[{"id":6853,"href":"https:\/\/staffnowjobs.com\/es\/wp-json\/wp\/v2\/pages\/6781\/revisions\/6853"}],"up":[{"embeddable":true,"href":"https:\/\/staffnowjobs.com\/es\/wp-json\/wp\/v2\/pages\/5491"}],"wp:attachment":[{"href":"https:\/\/staffnowjobs.com\/es\/wp-json\/wp\/v2\/media?parent=6781"}],"curies":[{"name":"wp","href":"https:\/\/api.w.org\/{rel}","templated":true}]}}